{"id":1342,"date":"2026-04-10T21:41:46","date_gmt":"2026-04-10T21:41:46","guid":{"rendered":"https:\/\/cycle-point.de\/?page_id=1342"},"modified":"2026-04-10T21:43:20","modified_gmt":"2026-04-10T21:43:20","slug":"rollstuhl-kinderwagen-co","status":"publish","type":"page","link":"https:\/\/cycle-point.de\/?page_id=1342","title":{"rendered":"Rollstuhl, Kinderwagen &amp; Co."},"content":{"rendered":"\n<p><strong>Ja, wir haben verstanden!<\/strong><\/p>\n\n\n\n<p>Wir haben verstanden wie schwierig es f\u00fcr Rolli-Fahrer ist, einfach nur fix einen neuen Schlauch und evtl. auch einen neuen Reifen am Rollstuhl montiert zu bekommen. Sanit\u00e4tsh\u00e4user sind darin leider nicht die schnellsten, es kann zwischen ein paar Tagen bis zu einigen Wochen bis zur Erledigung dauern.<\/p>\n\n\n\n<p>Bis auf die ziemlich eigenen Gr\u00f6\u00dfen der Schl\u00e4uche und Reifen f\u00fcr Rollstuhl-R\u00e4der sind die Unterschiede zu Fahrr\u00e4dern nicht allzu gro\u00df. Also haben wir uns die Technik auch mal drauf geschafft und <strong>reparieren in unserer Werkstatt jetzt auch Rollstuhl-R\u00e4der<\/strong>.<\/p>\n\n\n\n<p>\u00c4hnlich verh\u00e4lt es sich wohl mit Kinderwagen, f\u00fcr die es kaum Werkst\u00e4tten gibt. Zumindest bei der Bereifung helfen wir nach M\u00f6glichkeit gerne.<\/p>\n\n\n\n<p><strong>Sowohl f\u00fcr Rollst\u00fchle als auch f\u00fcr Kinderwagen haben wir die g\u00e4ngigen Reifen und Schl\u00e4uche auf Lager.<\/strong><\/p>\n\n\n\n<p>F\u00fcr Sackkarren, Schubkarren, Roller, usw. haben wir mittlerweile auch einige Schl\u00e4uche, teilweise sogar Reifen, im Sortiment.<\/p>\n","protected":false},"excerpt":{"rendered":"<p>Ja, wir haben verstanden! Wir haben verstanden wie schwierig es f\u00fcr Rolli-Fahrer ist, einfach nur fix einen neuen Schlauch und evtl. auch einen neuen Reifen am Rollstuhl montiert zu bekommen. Sanit\u00e4tsh\u00e4user sind darin leider nicht die schnellsten, es kann zwischen ein paar Tagen bis zu einigen Wochen bis zur Erledigung dauern. Bis auf die ziemlich &hellip; <\/p>\n<p class=\"link-more\"><a href=\"https:\/\/cycle-point.de\/?page_id=1342\" class=\"more-link\"><span class=\"screen-reader-text\">\u201eRollstuhl, Kinderwagen &amp; Co.\u201c <\/span>weiterlesen<\/a><\/p>\n","protected":false},"author":2,"featured_media":0,"parent":0,"menu_order":0,"comment_status":"closed","ping_status":"closed","template":"","meta":{"footnotes":""},"class_list":["post-1342","page","type-page","status-publish","hentry"],"aioseo_notices":[],"_links":{"self":[{"href":"https:\/\/cycle-point.de\/index.php?rest_route=\/wp\/v2\/pages\/1342","targetHints":{"allow":["GET"]}}],"collection":[{"href":"https:\/\/cycle-point.de\/index.php?rest_route=\/wp\/v2\/pages"}],"about":[{"href":"https:\/\/cycle-point.de\/index.php?rest_route=\/wp\/v2\/types\/page"}],"author":[{"embeddable":true,"href":"https:\/\/cycle-point.de\/index.php?rest_route=\/wp\/v2\/users\/2"}],"replies":[{"embeddable":true,"href":"https:\/\/cycle-point.de\/index.php?rest_route=%2Fwp%2Fv2%2Fcomments&post=1342"}],"version-history":[{"count":3,"href":"https:\/\/cycle-point.de\/index.php?rest_route=\/wp\/v2\/pages\/1342\/revisions"}],"predecessor-version":[{"id":1346,"href":"https:\/\/cycle-point.de\/index.php?rest_route=\/wp\/v2\/pages\/1342\/revisions\/1346"}],"wp:attachment":[{"href":"https:\/\/cycle-point.de\/index.php?rest_route=%2Fwp%2Fv2%2Fmedia&parent=1342"}],"curies":[{"name":"wp","href":"https:\/\/api.w.org\/{rel}","templated":true}]}}